
{"id":280,"date":"2019-08-05T09:43:12","date_gmt":"2019-08-05T07:43:12","guid":{"rendered":"http:\/\/smv.maweb.eu\/?post_type=product&#038;p=280"},"modified":"2026-04-25T09:45:58","modified_gmt":"2026-04-25T07:45:58","slug":"marian-varga-collected-works-i-%e2%80%a2-kompletny-box","status":"publish","type":"product","link":"https:\/\/marianvarga.sk\/shop\/product\/marian-varga-collected-works-i-%e2%80%a2-kompletny-box\/","title":{"rendered":"Mari\u00e1n Varga Collected Works I. \u2022 kompletn\u00fd box"},"content":{"rendered":"<p>Mari\u00e1nova hudba patr\u00ed k tomu najlep\u0161iemu, \u010do kedy v \u010ceskoslovensku vzniklo a preto vznikla limitovan\u00e1 zberate\u013esk\u00e1 ed\u00edcia Mari\u00e1n Varga Collected Works I. S\u00fa\u010das\u0165ou CD boxu je obsiahly, viac ako dvestostranov\u00fd booklet \u2013 textov\u00fd a obrazov\u00fd sprievodca ku ka\u017ed\u00e9mu zo \u0161estn\u00e1stich CD. Mozaiku dobov\u00fdch recenzi\u00ed, rozhovorov, reflexi\u00ed \u010di zasv\u00e4ten\u00fdch poh\u013eadov do z\u00e1kulisia Mari\u00e1novej tvorby dop\u013a\u0148a aj mno\u017estvo raritn\u00fdch fotografi\u00ed, notov\u00fdch z\u00e1znamov, plag\u00e1tov, nepou\u017eit\u00fdch n\u00e1vrhov obalov platn\u00ed a pod. Tak ako Mari\u00e1nova hudba s ob\u013eubou prekra\u010dovala hranice \u017e\u00e1nrov a \u201e\u0161katuliek\u201c, aj tento booklet vlastne nie je \u00faplne klasick\u00fdm bookletom. Je toti\u017e rovnako p\u00fatavou knihou na \u010d\u00edtanie, ale z\u00e1rove\u0148 \u201e\u010dasozbern\u00fdm\u201c dokumentom. T\u00fdm, ktor\u00ed CD box z r\u00f4znych d\u00f4vodov nemaj\u00fa, pon\u00fakame v\u00fdnimo\u010dn\u00fa pr\u00edle\u017eitos\u0165 zadov\u00e1\u017ei\u0165 si samostatn\u00fa publik\u00e1ciu &#8211; sprievodcu Mari\u00e1novou hudbou od Zvonkov, cez nahr\u00e1vky s Collegiom, s Pavlom Hammelom a s\u00f3lov\u00e9 projekty a\u017e po Labutie piesne. Ponuka je limitovan\u00e1.<\/p>\n<p>Mari\u00e1novi priatelia o pr\u00edprave kolekcie (<a href=\"https:\/\/youtu.be\/Rh4iUxHBTfQ\">video<\/a>).<\/p>\n<p>\u010co v\u0161etko v boxe n\u00e1jdete (<a href=\"https:\/\/youtu.be\/uj_6GQrGDzs\">unboxing video<\/a>).<\/p>\n<p>Vypo\u010dujte si s\u00e9riu rozhovorov o tom, ako kolekcia vznikala na <a href=\"https:\/\/fm.rtvs.sk\/rubriky\/temy_fm\/205613\/ako-vznika-suborne-dielo-mariana-vargu\">str\u00e1nkach R\u00e1dia_FM.<\/a><\/p>\n<p>Viac o kolekcii na na\u0161ej <a href=\"https:\/\/marianvarga.sk\/collectedworks\/\">webstr\u00e1nke<\/a>.<\/p>\n","protected":false},"excerpt":{"rendered":"<ul>\n<li><strong>16 CD<\/strong> titulov s nov\u00fdm zvukov\u00fdm dizajnom vytvoren\u00fdm z p\u00f4vodn\u00fdch anal\u00f3gov\u00fdch p\u00e1sov<\/li>\n<li><strong>k\u00f3d na stiahnutie hudby <b>\u00a0(audios\u00fabory v r\u00f4znych form\u00e1toch)<\/b><\/strong><\/li>\n<li><strong>plnofarebn\u00e1 260-stranov\u00e1 publik\u00e1cia<\/strong> obsahuj\u00faca dobov\u00e9 reflexie, recenzie, doposia\u013e nezverejnen\u00e9 fotografie \u010di v\u00fdstri\u017eky z osobn\u00e9ho Mari\u00e1novho arch\u00edvu<\/li>\n<li><strong>origin\u00e1lne pr\u00edlohy<\/strong>: plag\u00e1t, noviny, tourplan, noty v Mari\u00e1novom rukopise, notov\u00fd prepis legend\u00e1rnej Hommage \u00e0 J. S. Bach<\/li>\n<\/ul>\n","protected":false},"featured_media":2034,"template":"","meta":[],"product_brand":[],"product_cat":[36],"product_tag":[],"class_list":{"0":"post-280","1":"product","2":"type-product","3":"status-publish","4":"has-post-thumbnail","6":"product_cat-box","7":"product_shipping_class-velke","9":"first","10":"instock","11":"shipping-taxable","12":"purchasable","13":"product-type-simple"},"supplier_id":null,"supplier_sku":"","barcode":null,"atum_controlled":true,"out_stock_date":null,"out_stock_threshold":3,"inheritable":false,"inbound_stock":0,"stock_on_hold":0,"sold_today":0,"sales_last_days":0,"reserved_stock":0,"customer_returns":0,"warehouse_damage":0,"lost_in_post":0,"other_logs":0,"out_stock_days":0,"lost_sales":0,"has_location":false,"update_date":"2026-04-25T07:45:58","atum_locations":[],"atum_stock_status":"instock","restock_status":false,"low_stock_amount":3,"sales_update_date":"2026-04-25T07:45:58","calc_backorders":null,"_links":{"self":[{"href":"https:\/\/marianvarga.sk\/shop\/wp-json\/wp\/v2\/product\/280","targetHints":{"allow":["GET"]}}],"collection":[{"href":"https:\/\/marianvarga.sk\/shop\/wp-json\/wp\/v2\/product"}],"about":[{"href":"https:\/\/marianvarga.sk\/shop\/wp-json\/wp\/v2\/types\/product"}],"wp:featuredmedia":[{"embeddable":true,"href":"https:\/\/marianvarga.sk\/shop\/wp-json\/wp\/v2\/media\/2034"}],"wp:attachment":[{"href":"https:\/\/marianvarga.sk\/shop\/wp-json\/wp\/v2\/media?parent=280"}],"wp:term":[{"taxonomy":"product_brand","embeddable":true,"href":"https:\/\/marianvarga.sk\/shop\/wp-json\/wp\/v2\/product_brand?post=280"},{"taxonomy":"product_cat","embeddable":true,"href":"https:\/\/marianvarga.sk\/shop\/wp-json\/wp\/v2\/product_cat?post=280"},{"taxonomy":"product_tag","embeddable":true,"href":"https:\/\/marianvarga.sk\/shop\/wp-json\/wp\/v2\/product_tag?post=280"}],"curies":[{"name":"wp","href":"https:\/\/api.w.org\/{rel}","templated":true}]}}