
{"id":2778,"date":"2025-09-17T13:46:57","date_gmt":"2025-09-17T11:46:57","guid":{"rendered":"https:\/\/marianvarga.sk\/shop\/?post_type=product&#038;p=2778"},"modified":"2026-04-25T09:45:59","modified_gmt":"2026-04-25T07:45:59","slug":"marian-varga-piesne-sisa-feher-jozef-luptak-vladislav-sarissky-oskar-torok-lp","status":"publish","type":"product","link":"https:\/\/marianvarga.sk\/shop\/product\/marian-varga-piesne-sisa-feher-jozef-luptak-vladislav-sarissky-oskar-torok-lp\/","title":{"rendered":"Mari\u00e1n Varga \u2013 Piesne | Sisa Feh\u00e9r \u2013 Jozef Lupt\u00e1k \u2013 Vladislav \u0160ari\u0161sk\u00fd \u2013 Oskar T\u00f6r\u00f6k \u2022 LP"},"content":{"rendered":"<p>Po viac ako \u0161tyroch rokoch spolo\u010dn\u00e9ho hrania prich\u00e1dza \u0161tvorica \u0161pi\u010dkov\u00fdch slovensk\u00fdch hudobn\u00edkov <strong>Lupt\u00e1k \u2013 \u0160ari\u0161sk\u00fd \u2013 Feh\u00e9r \u2013 T\u00f6r\u00f6k<\/strong> s albumom piesn\u00ed slovenskej rockovej legendy Mari\u00e1na Vargu. Album je poctou origin\u00e1lu a s\u00e1m sa st\u00e1va origin\u00e1lom \u017e\u00e1nrovo balansuj\u00facim medzi klasikou a d\u017eezom.<\/p>\n<p><em>\u201eJa som mal v\u017edy v ob\u013eube b\u00faranie hran\u00edc, v\u017edy som obdivoval umeleck\u00e9 pa\u0161er\u00e1ctvo \u2013 ke\u010f sa povedzme do v\u00e1\u017enej t\u00e9my podar\u00ed prepa\u0161ova\u0165 humor alebo do \u201avysok\u00e9ho\u2019 \u017e\u00e1nru nie\u010do poklesnut\u00e9. V mojom pr\u00edpade i\u0161lo v\u017edy o zbli\u017eovanie takzvanej v\u00e1\u017enej hudby s bigb\u00edtom, v\u017edy som v tom c\u00edtil neuverite\u013en\u00e9 nap\u00e4tie&#8230;\u201c<\/em> povedal Mari\u00e1n Varga v rozhovore pre Kult\u00farny \u017eivot (1992). Vargova otvorenos\u0165 nov\u00e9mu, odv\u00e1\u017enemu a slobodn\u00e9mu tvoriv\u00e9mu pr\u00edstupu je v\u0161eobecne zn\u00e1ma a je aj in\u0161pir\u00e1ciou a hnacou silou mnoh\u00fdch hudobn\u00edkov. Klavirista <strong>Vladislav \u201eSlnko\u201c \u0160ari\u0161sk\u00fd<\/strong>, violon\u010delista <strong>Jozef Lupt\u00e1k<\/strong> a trubk\u00e1r <strong>Oskar T\u00f6r\u00f6k<\/strong> spolu so spev\u00e1\u010dkou <strong>Sisou Feh\u00e9r<\/strong> interpretuj\u00fa jeho piesne u\u017e takmer p\u00e4\u0165 rokov a dnes sa na z\u00e1klade v\u00fdziev fan\u00fa\u0161ikov dost\u00e1vaj\u00fa k \u010fal\u0161ej m\u00e9te \u2013 albumu Mari\u00e1n Varga: Piesne. Svojimi aran\u017em\u00e1nmi a interpret\u00e1ciou pon\u00fakaj\u00fa v tomto v\u00fdbere celkom nov\u00fd poh\u013ead na pies\u0148ov\u00fa tvorbu Mari\u00e1na Vargu, zn\u00e1mu predov\u0161etk\u00fdm v k\u00e1nonickej interpret\u00e1cii Pavla Hammela a skup\u00edn Pr\u00fady \u010di Collegium musicum. Presne v intenci\u00e1ch Vargovho <em>\u201eM\u00e1m r\u00e1d nov\u00e9 poh\u013eady na veci.\u201c<\/em> ju pos\u00favaj\u00fa k novej estetike a k nov\u00fdm obsahom. Ako pr\u00edslu\u0161n\u00edci in\u00fdch gener\u00e1ci\u00ed a hudobn\u00fdch \u017e\u00e1nrov ch\u00e1pu Mari\u00e1novu tvorbu z prelomu 60. a 70. rokov sebe vlastn\u00fdm sp\u00f4sobom. To, \u010do v\u0161ak pevne ost\u00e1va, je nezamenite\u013enos\u0165 rukopisu Vargovej v\u00fdpovede, esencia kr\u00e1sy a priestor pre rados\u0165, slobodu, kreativitu a virtuozitu, ktor\u00fd hudobn\u00edci vyu\u017e\u00edvaj\u00fa v plnej miere.<\/p>\n<p><strong><em>\u201eVznik\u00e1 tak pocta origin\u00e1lu, ktor\u00e1 sa sama st\u00e1va origin\u00e1lom.&#8220;<br \/>\n<\/em><\/strong>Jana Vargov\u00e1<\/p>\n<p><strong><em>\u201ePochopi\u0165 p\u00f4vodn\u00fa predlohu, z\u00e1rove\u0148 ma\u0165 odvahu a schopnos\u0165 spracova\u0165 ju svojsky nedok\u00e1\u017ee hocikto. \u0160tvorica \u0160ari\u0161sk\u00fd, Feh\u00e9r, Lupt\u00e1k, T\u00f6r\u00f6k \u00e1no.\u201c<br \/>\n<\/em><\/strong><span style=\"font-size: 1rem;\">Oliver Reh\u00e1k, Denn\u00edk N<\/span><\/p>\n<p>Nahr\u00e1vka vznikla koncom febru\u00e1ra 2025 v \u0161t\u00fadiu Birdland v spolupr\u00e1ci so zvukov\u00fdm in\u017einierom Milo\u0161om Mi\u0148om Rojkom. Na mix\u00e1\u017ei pracoval Filip Hittrich spolu s hudobn\u00edkmi Jozefom Lupt\u00e1kom a Vladislavom \u0160ari\u0161sk\u00fdm. Album vznik\u00e1 ako spolo\u010dn\u00fd projekt festivalu Konvergencie a Spolo\u010dnosti Mari\u00e1na Vargu. Obsahuje 13 skladieb a vych\u00e1dza vizu\u00e1lne atrakt\u00edvne spracovanom CD aj LP. Album vych\u00e1dza aj s podporou fan\u00fa\u0161ikov v <a href=\"https:\/\/www.startlab.sk\/projekty\/4367-novy-album-piesni-mariana-vargu-je-hotovy-uz-ho-treba-len-v\/\">kampani na platforme Startlab<\/a>.<\/p>\n<hr \/>\n<p><strong>Tracklist \u2013 LP<br \/>\nStrana A<\/strong><\/p>\n<ol>\n<li>Po\u0161ta (M. Varga \u2013 P. Hammel \/ K. Peteraj, LP Zelen\u00e1 po\u0161ta 1972) 06:12<\/li>\n<li>Zvonky, zvo\u0148te (M. Varga \/ R. Skuk\u00e1lek, LP Zvo\u0148te, zvonky 1969) 04:19<\/li>\n<li>Piese\u0148 z\u00a0kolovr\u00e1tku (M. Varga \u2013 F. Fre\u0161o \u2013 F. Grigl\u00e1k \u2013 D. H\u00e1jek \/ K. Peteraj, LP Konvergencie 1971) 04:33<\/li>\n<li>Pom\u00f4\u017e mi (M. Varga \/ K. Peteraj, LP Divergencie 1981) 05:16<\/li>\n<\/ol>\n<p><strong>Strana B<\/strong><\/p>\n<ol>\n<li>Mo\u017eno (M. Varga \/ J. Masaryk, LP Zvo\u0148te, zvonky 1969) 04:32<\/li>\n<li>Smutn\u00e1 rann\u00e1 elektri\u010dka (M. Varga \/ M. V\u00e1lek, LP Zelen\u00e1 po\u0161ta 1972) 05:49<\/li>\n<li>Mimochodom (M. Varga \u2013 P. Hammel \/ K. Peteraj, LP V\u0161etko je inak 1989) 03:57<\/li>\n<li>Voda (M. Varga \/ K. Peteraj, LP Na II. programe sna 1977) 01:59<\/li>\n<li>S\u00a0rukami vo vreck\u00e1ch ( M. Varga \u2013 P. Hammel \/ R. Skuk\u00e1lek, LP Zvo\u0148te, zvonky 1969) 05:1<\/li>\n<\/ol>\n<p><strong>Total time:<\/strong> 41:50<\/p>\n<hr \/>\n<p><strong>Album obsahuje:<\/strong> LP v\u00a0gatefold obale, insert vo forme plag\u00e1tu, \u00a0k\u00f3d na stiahnutie audios\u00faborov<\/p>\n<p><strong>Vydavate\u013e:<\/strong> Konvergencie \u2013 spolo\u010dnos\u0165 pre komorn\u00e9 umenie, o.z. v spolupr\u00e1ci so Spolo\u010dnos\u0165ou Mari\u00e1na Vargu, 2025<\/p>\n<p><strong>SOZA &#8211; BIEM:<\/strong> 1749-016-1<\/p>\n<p><strong>EAN\/ISBN: <\/strong>8588006338157<\/p>\n<p><strong>Interpreti: <\/strong><\/p>\n<p>Sisa Feh\u00e9r, spev \/ voice<br \/>\nJozef Lupt\u00e1k, violon\u010delo \/ cello<br \/>\nVladislav \u0160ari\u0161sk\u00fd, klav\u00edr \/ piano<br \/>\nOskar T\u00f6r\u00f6k, tr\u00fabka \/ trumpet<\/p>\n<p><strong>Aran\u017em\u00e1ny:<\/strong> Vladislav \u0160ari\u0161sk\u00fd, Jozef Lupt\u00e1k, Oskar T\u00f6r\u00f6k, Sisa Feh\u00e9r<\/p>\n<p><strong>Zvukov\u00fd majster a r\u00e9\u017eia:<\/strong> Milo\u0161 Mi\u0148o Rojko, Birdland Studios<\/p>\n<p><strong>Mix a mastering:<\/strong> Filip Hittrich, Vladislav \u201eSlnko\u201d \u0160ari\u0161sk\u00fd, Jozef Lupt\u00e1k<\/p>\n<p><strong>Produkcia: <\/strong>Konvergencie \u2013 spolo\u010dnos\u0165 pre komorn\u00e9 umenie, o.z. a Spolo\u010dnos\u0165 Mari\u00e1na Vargu (Lea Majer\u010d\u00e1kov\u00e1, Jana Vargov\u00e1, Jozef Lupt\u00e1k, Naike \u0160korecov\u00e1)<\/p>\n<p><strong>Booklet a texty zostavila:<\/strong> Jana Vargov\u00e1<\/p>\n<p><strong>Grafick\u00e9 spracovanie:<\/strong> Karol Trnovsk\u00fd<\/p>\n<p><strong>Video:<\/strong> Juraj Ondr\u00e1\u0161<\/p>\n<p><strong>Foto:<\/strong> Richard K\u00f6hler, Martina Luki\u0107, Martin Dubovsk\u00fd<\/p>\n<p><strong>Foto portr\u00e9tu Mari\u00e1na Vargu:<\/strong> Tibor Borsk\u00fd<\/p>\n<p><strong>V\u00fdroba LP:<\/strong> Vinyl LAB, Tren\u010d\u00edn<\/p>\n<hr \/>\n<p><strong>Krstn\u00fd otec:<\/strong> Ladislav Snopko (Agnes)<\/p>\n<p>\u2117 \u00a9 o. z. Konvergencie 2025<\/p>\n<p><a href=\"https:\/\/konvergencie.bandcamp.com\/album\/mari-n-varga-piesne\">Link na k\u00fapu digit\u00e1lneho albumu<\/a><\/p>\n","protected":false},"excerpt":{"rendered":"<p>Po viac ako \u0161tyroch rokoch spolo\u010dn\u00e9ho hrania prich\u00e1dza \u0161tvorica \u0161pi\u010dkov\u00fdch slovensk\u00fdch hudobn\u00edkov Lupt\u00e1k \u2013 \u0160ari\u0161sk\u00fd \u2013 Feh\u00e9r \u2013 T\u00f6r\u00f6k s albumom piesn\u00ed slovenskej rockovej legendy Mari\u00e1na Vargu. Album je poctou origin\u00e1lu a s\u00e1m sa st\u00e1va origin\u00e1lom \u017e\u00e1nrovo balansuj\u00facim medzi klasikou a d\u017eezom. \u201eJa som mal v\u017edy v ob\u013eube b\u00faranie hran\u00edc, v\u017edy som obdivoval umeleck\u00e9 pa\u0161er\u00e1ctvo &hellip; <\/p>\n<p class=\"link-more\"><a href=\"https:\/\/marianvarga.sk\/shop\/product\/marian-varga-piesne-sisa-feher-jozef-luptak-vladislav-sarissky-oskar-torok-lp\/\" class=\"more-link\">Pokra\u010dova\u0165 v \u010d\u00edtan\u00ed<span class=\"screen-reader-text\"> &#8222;Mari\u00e1n Varga \u2013 Piesne | Sisa Feh\u00e9r \u2013 Jozef Lupt\u00e1k \u2013 Vladislav \u0160ari\u0161sk\u00fd \u2013 Oskar T\u00f6r\u00f6k \u2022 LP&#8220;<\/span><\/a><\/p>\n","protected":false},"featured_media":2768,"template":"","meta":[],"product_brand":[],"product_cat":[52],"product_tag":[],"class_list":{"0":"post-2778","1":"product","2":"type-product","3":"status-publish","4":"has-post-thumbnail","6":"product_cat-lp","7":"product_shipping_class-male","9":"first","10":"instock","11":"shipping-taxable","12":"purchasable","13":"product-type-simple"},"supplier_id":null,"supplier_sku":"","barcode":null,"atum_controlled":true,"out_stock_date":null,"out_stock_threshold":3,"inheritable":false,"inbound_stock":0,"stock_on_hold":0,"sold_today":0,"sales_last_days":0,"reserved_stock":0,"customer_returns":0,"warehouse_damage":0,"lost_in_post":0,"other_logs":0,"out_stock_days":0,"lost_sales":0,"has_location":false,"update_date":"2026-04-25T07:45:59","atum_locations":[],"atum_stock_status":"instock","restock_status":false,"low_stock_amount":3,"sales_update_date":"2026-04-25T07:45:59","calc_backorders":0,"_links":{"self":[{"href":"https:\/\/marianvarga.sk\/shop\/wp-json\/wp\/v2\/product\/2778","targetHints":{"allow":["GET"]}}],"collection":[{"href":"https:\/\/marianvarga.sk\/shop\/wp-json\/wp\/v2\/product"}],"about":[{"href":"https:\/\/marianvarga.sk\/shop\/wp-json\/wp\/v2\/types\/product"}],"wp:featuredmedia":[{"embeddable":true,"href":"https:\/\/marianvarga.sk\/shop\/wp-json\/wp\/v2\/media\/2768"}],"wp:attachment":[{"href":"https:\/\/marianvarga.sk\/shop\/wp-json\/wp\/v2\/media?parent=2778"}],"wp:term":[{"taxonomy":"product_brand","embeddable":true,"href":"https:\/\/marianvarga.sk\/shop\/wp-json\/wp\/v2\/product_brand?post=2778"},{"taxonomy":"product_cat","embeddable":true,"href":"https:\/\/marianvarga.sk\/shop\/wp-json\/wp\/v2\/product_cat?post=2778"},{"taxonomy":"product_tag","embeddable":true,"href":"https:\/\/marianvarga.sk\/shop\/wp-json\/wp\/v2\/product_tag?post=2778"}],"curies":[{"name":"wp","href":"https:\/\/api.w.org\/{rel}","templated":true}]}}