
{"id":275,"date":"2019-08-05T09:20:57","date_gmt":"2019-08-05T07:20:57","guid":{"rendered":"http:\/\/smv.maweb.eu\/?post_type=product&#038;p=275"},"modified":"2026-05-06T10:19:23","modified_gmt":"2026-05-06T08:19:23","slug":"marian-na-hrudi-2-%e2%80%a2-tricko-s-grafikou-marian-varga","status":"publish","type":"product","link":"https:\/\/marianvarga.sk\/shop\/product\/marian-na-hrudi-2-%e2%80%a2-tricko-s-grafikou-marian-varga\/","title":{"rendered":"Mari\u00e1n na hrudi 2 \u2022 tri\u010dko s grafikou Mari\u00e1n Varga"},"content":{"rendered":"<p>Tri\u010dko s\u00a0grafikou\u00a0od v\u00fdtvarn\u00ed\u010dky Moniky Kubinskej a grafika Mateja Lacka, ktor\u00e1 vznikla \u0161peci\u00e1lne pre kolekciu Mari\u00e1n Varga Collected Works I.<\/p>\n<p>Mo\u017enosti:<br \/>\nP\u00e1nske M, L, XL, XXL, XXXL<br \/>\nD\u00e1mske S, XS, M, L, XXL<\/p>\n","protected":false},"excerpt":{"rendered":"<p>Tri\u010dko s\u00a0grafikou\u00a0od v\u00fdtvarn\u00ed\u010dky Moniky Kubinskej a grafika Mateja Lacka, ktor\u00e1 vznikla \u0161peci\u00e1lne pre kolekciu Mari\u00e1n Varga Collected Works I. Mo\u017enosti: P\u00e1nske M, L, XL, XXL, XXXL D\u00e1mske S, XS, M, L, XXL<\/p>\n","protected":false},"featured_media":276,"template":"","meta":[],"product_brand":[],"product_cat":[24],"product_tag":[],"class_list":{"0":"post-275","1":"product","2":"type-product","3":"status-publish","4":"has-post-thumbnail","6":"product_cat-tricko-2","7":"product_shipping_class-male","8":"pa_velkost-damske-l","9":"pa_velkost-damske-m","10":"pa_velkost-damske-s","11":"pa_velkost-damske-xs","12":"pa_velkost-damske-xxl","13":"pa_velkost-panske-l","14":"pa_velkost-panske-m","15":"pa_velkost-panske-xl","16":"pa_velkost-panske-xxl","17":"pa_velkost-panske-xxxl","19":"first","20":"instock","21":"shipping-taxable","22":"purchasable","23":"product-type-variable"},"supplier_id":null,"supplier_sku":"","barcode":null,"atum_controlled":true,"out_stock_date":null,"out_stock_threshold":null,"inheritable":true,"inbound_stock":null,"stock_on_hold":0,"sold_today":0,"sales_last_days":0,"reserved_stock":null,"customer_returns":null,"warehouse_damage":null,"lost_in_post":null,"other_logs":null,"out_stock_days":0,"lost_sales":0,"has_location":false,"update_date":"2026-05-06T08:19:22","atum_locations":[],"atum_stock_status":"instock","restock_status":false,"low_stock_amount":"","sales_update_date":"2026-05-06T08:19:22","calc_backorders":null,"_links":{"self":[{"href":"https:\/\/marianvarga.sk\/shop\/wp-json\/wp\/v2\/product\/275","targetHints":{"allow":["GET"]}}],"collection":[{"href":"https:\/\/marianvarga.sk\/shop\/wp-json\/wp\/v2\/product"}],"about":[{"href":"https:\/\/marianvarga.sk\/shop\/wp-json\/wp\/v2\/types\/product"}],"wp:featuredmedia":[{"embeddable":true,"href":"https:\/\/marianvarga.sk\/shop\/wp-json\/wp\/v2\/media\/276"}],"wp:attachment":[{"href":"https:\/\/marianvarga.sk\/shop\/wp-json\/wp\/v2\/media?parent=275"}],"wp:term":[{"taxonomy":"product_brand","embeddable":true,"href":"https:\/\/marianvarga.sk\/shop\/wp-json\/wp\/v2\/product_brand?post=275"},{"taxonomy":"product_cat","embeddable":true,"href":"https:\/\/marianvarga.sk\/shop\/wp-json\/wp\/v2\/product_cat?post=275"},{"taxonomy":"product_tag","embeddable":true,"href":"https:\/\/marianvarga.sk\/shop\/wp-json\/wp\/v2\/product_tag?post=275"}],"curies":[{"name":"wp","href":"https:\/\/api.w.org\/{rel}","templated":true}]}}