
{"id":273,"date":"2019-08-05T09:16:11","date_gmt":"2019-08-05T07:16:11","guid":{"rendered":"http:\/\/smv.maweb.eu\/?post_type=product&#038;p=273"},"modified":"2026-05-06T10:19:23","modified_gmt":"2026-05-06T08:19:23","slug":"marian-na-hrudi-1-%e2%80%a2-tricko-s-fotkou-mariana-vargu","status":"publish","type":"product","link":"https:\/\/marianvarga.sk\/shop\/product\/marian-na-hrudi-1-%e2%80%a2-tricko-s-fotkou-mariana-vargu\/","title":{"rendered":"Mari\u00e1n na hrudi 1 \u2022 tri\u010dko s fotkou Mari\u00e1na Vargu"},"content":{"rendered":"<p>Tri\u010dko s\u00a0jednou z\u00a0jeho najlep\u0161\u00edch fotografi\u00ed\u00a0od \u013duby Lauffovej, ktor\u00e1 takto zachytila Mari\u00e1na na Pal\u00e1rikovej ulici v\u00a0Bratislave v\u00a0roku 1971.<\/p>\n<p>Mo\u017enosti:<br \/>\nP\u00e1nske S, M, L, XL, XXL, XXXL<br \/>\nD\u00e1mske S, M, L, XXL<\/p>\n","protected":false},"excerpt":{"rendered":"<p>Tri\u010dko s\u00a0jednou z\u00a0jeho najlep\u0161\u00edch fotografi\u00ed\u00a0od \u013duby Lauffovej, ktor\u00e1 takto zachytila Mari\u00e1na na Pal\u00e1rikovej ulici v\u00a0Bratislave v\u00a0roku 1971. Mo\u017enosti: P\u00e1nske S, M, L, XL, XXL, XXXL D\u00e1mske S, M, L, XXL<\/p>\n","protected":false},"featured_media":277,"template":"","meta":[],"product_brand":[],"product_cat":[23],"product_tag":[],"class_list":{"0":"post-273","1":"product","2":"type-product","3":"status-publish","4":"has-post-thumbnail","6":"product_cat-tricko-1","7":"product_shipping_class-male","8":"pa_velkost-damske-l","9":"pa_velkost-damske-m","10":"pa_velkost-damske-s","11":"pa_velkost-damske-xxl","12":"pa_velkost-panske-l","13":"pa_velkost-panske-m","14":"pa_velkost-panske-s","15":"pa_velkost-panske-xl","16":"pa_velkost-panske-xxl","17":"pa_velkost-panske-xxxl","19":"first","20":"instock","21":"shipping-taxable","22":"purchasable","23":"product-type-variable"},"supplier_id":null,"supplier_sku":"","barcode":null,"atum_controlled":true,"out_stock_date":null,"out_stock_threshold":null,"inheritable":true,"inbound_stock":null,"stock_on_hold":0,"sold_today":0,"sales_last_days":0,"reserved_stock":null,"customer_returns":null,"warehouse_damage":null,"lost_in_post":null,"other_logs":null,"out_stock_days":0,"lost_sales":0,"has_location":false,"update_date":"2026-05-06T08:19:22","atum_locations":[],"atum_stock_status":"instock","restock_status":false,"low_stock_amount":"","sales_update_date":"2026-05-06T08:19:22","calc_backorders":null,"_links":{"self":[{"href":"https:\/\/marianvarga.sk\/shop\/wp-json\/wp\/v2\/product\/273","targetHints":{"allow":["GET"]}}],"collection":[{"href":"https:\/\/marianvarga.sk\/shop\/wp-json\/wp\/v2\/product"}],"about":[{"href":"https:\/\/marianvarga.sk\/shop\/wp-json\/wp\/v2\/types\/product"}],"wp:featuredmedia":[{"embeddable":true,"href":"https:\/\/marianvarga.sk\/shop\/wp-json\/wp\/v2\/media\/277"}],"wp:attachment":[{"href":"https:\/\/marianvarga.sk\/shop\/wp-json\/wp\/v2\/media?parent=273"}],"wp:term":[{"taxonomy":"product_brand","embeddable":true,"href":"https:\/\/marianvarga.sk\/shop\/wp-json\/wp\/v2\/product_brand?post=273"},{"taxonomy":"product_cat","embeddable":true,"href":"https:\/\/marianvarga.sk\/shop\/wp-json\/wp\/v2\/product_cat?post=273"},{"taxonomy":"product_tag","embeddable":true,"href":"https:\/\/marianvarga.sk\/shop\/wp-json\/wp\/v2\/product_tag?post=273"}],"curies":[{"name":"wp","href":"https:\/\/api.w.org\/{rel}","templated":true}]}}