
{"id":269,"date":"2019-08-05T09:05:43","date_gmt":"2019-08-05T07:05:43","guid":{"rendered":"http:\/\/smv.maweb.eu\/?post_type=product&#038;p=269"},"modified":"2026-04-30T09:49:09","modified_gmt":"2026-04-30T07:49:09","slug":"marian-okom-tibora-borskeho-%e2%80%a2-fotografia","status":"publish","type":"product","link":"https:\/\/marianvarga.sk\/shop\/product\/marian-okom-tibora-borskeho-%e2%80%a2-fotografia\/","title":{"rendered":"Mari\u00e1n okom Tibora Borsk\u00e9ho \u2022 fotografia"},"content":{"rendered":"<p>Fotografia Mari\u00e1na Vargu z\u00a0obdobia vzniku dvojalbumu Konvergencie od Tibora Borsk\u00e9ho, ktor\u00fd je autorom ikonick\u00fdch portr\u00e9tov Mari\u00e1na aj\u00a0Collegia Musica.<\/p>\n<p>Ve\u013ekos\u0165: 21 x 30 cm<br \/>\nTla\u010d: Pro Photo mat<br \/>\nLimitovan\u00e1 ed\u00edcia 100 ks<br \/>\nS podpisom autora<\/p>\n","protected":false},"excerpt":{"rendered":"<p>Fotografia Mari\u00e1na Vargu z\u00a0obdobia vzniku dvojalbumu Konvergencie od Tibora Borsk\u00e9ho, ktor\u00fd je autorom ikonick\u00fdch portr\u00e9tov Mari\u00e1na aj\u00a0Collegia Musica. Ve\u013ekos\u0165: 21 x 30 cm Tla\u010d: Pro Photo mat Limitovan\u00e1 ed\u00edcia 100 ks S podpisom autora<\/p>\n","protected":false},"featured_media":357,"template":"","meta":[],"product_brand":[],"product_cat":[22],"product_tag":[],"class_list":{"0":"post-269","1":"product","2":"type-product","3":"status-publish","4":"has-post-thumbnail","6":"product_cat-foto","7":"product_shipping_class-male","9":"first","10":"instock","11":"shipping-taxable","12":"purchasable","13":"product-type-simple"},"supplier_id":null,"supplier_sku":"","barcode":null,"atum_controlled":true,"out_stock_date":null,"out_stock_threshold":0,"inheritable":false,"inbound_stock":0,"stock_on_hold":0,"sold_today":0,"sales_last_days":0,"reserved_stock":0,"customer_returns":0,"warehouse_damage":0,"lost_in_post":0,"other_logs":0,"out_stock_days":0,"lost_sales":0,"has_location":false,"update_date":"2026-04-30T07:49:09","atum_locations":[],"atum_stock_status":"instock","restock_status":false,"low_stock_amount":3,"sales_update_date":"2026-04-30T07:49:09","calc_backorders":0,"_links":{"self":[{"href":"https:\/\/marianvarga.sk\/shop\/wp-json\/wp\/v2\/product\/269","targetHints":{"allow":["GET"]}}],"collection":[{"href":"https:\/\/marianvarga.sk\/shop\/wp-json\/wp\/v2\/product"}],"about":[{"href":"https:\/\/marianvarga.sk\/shop\/wp-json\/wp\/v2\/types\/product"}],"wp:featuredmedia":[{"embeddable":true,"href":"https:\/\/marianvarga.sk\/shop\/wp-json\/wp\/v2\/media\/357"}],"wp:attachment":[{"href":"https:\/\/marianvarga.sk\/shop\/wp-json\/wp\/v2\/media?parent=269"}],"wp:term":[{"taxonomy":"product_brand","embeddable":true,"href":"https:\/\/marianvarga.sk\/shop\/wp-json\/wp\/v2\/product_brand?post=269"},{"taxonomy":"product_cat","embeddable":true,"href":"https:\/\/marianvarga.sk\/shop\/wp-json\/wp\/v2\/product_cat?post=269"},{"taxonomy":"product_tag","embeddable":true,"href":"https:\/\/marianvarga.sk\/shop\/wp-json\/wp\/v2\/product_tag?post=269"}],"curies":[{"name":"wp","href":"https:\/\/api.w.org\/{rel}","templated":true}]}}