
{"id":2028,"date":"2021-11-26T12:38:22","date_gmt":"2021-11-26T11:38:22","guid":{"rendered":"https:\/\/marianvarga.sk\/shop\/?post_type=product&#038;p=2028"},"modified":"2026-04-25T09:45:57","modified_gmt":"2026-04-25T07:45:57","slug":"hommage-a-j-s-bach-noty","status":"publish","type":"product","link":"https:\/\/marianvarga.sk\/shop\/product\/hommage-a-j-s-bach-noty\/","title":{"rendered":"Hommage a J. S. Bach \u2022 noty"},"content":{"rendered":"<p><span style=\"font-weight: 400;\">Ak v\u00e1m nech\u00fdbaj\u00fa klaviristick\u00e9 zru\u010dnosti a radi by ste si zahrali kultov\u00fa skladbu Collegia musica, ktorou kapela kon\u010dila ka\u017ed\u00e9 svoje vyst\u00fapenie, s\u00fa tu pre v\u00e1s noty v aran\u017em\u00e1ne pre klav\u00edr s\u00f3lo Hommage a J. S. Bach.\u00a0 Vytvoril ho pre na\u0161u aj pre Va\u0161u rados\u0165 Vladislav Slnko \u0160ari\u0161sk\u00fd.<\/span><\/p>\n","protected":false},"excerpt":{"rendered":"<p>Ak v\u00e1m nech\u00fdbaj\u00fa klaviristick\u00e9 zru\u010dnosti a radi by ste si zahrali kultov\u00fa skladbu Collegia musica, ktorou kapela kon\u010dila ka\u017ed\u00e9 svoje vyst\u00fapenie, s\u00fa tu pre v\u00e1s noty v aran\u017em\u00e1ne pre klav\u00edr s\u00f3lo Hommage a J. S. Bach.\u00a0 Vytvoril ho pre na\u0161u aj pre Va\u0161u rados\u0165 Vladislav Slnko \u0160ari\u0161sk\u00fd.<\/p>\n","protected":false},"featured_media":2057,"template":"","meta":[],"product_brand":[],"product_cat":[50],"product_tag":[],"class_list":{"0":"post-2028","1":"product","2":"type-product","3":"status-publish","4":"has-post-thumbnail","6":"product_cat-noty","7":"product_shipping_class-male","9":"first","10":"instock","11":"shipping-taxable","12":"purchasable","13":"product-type-simple"},"supplier_id":null,"supplier_sku":"","barcode":null,"atum_controlled":true,"out_stock_date":null,"out_stock_threshold":0,"inheritable":false,"inbound_stock":0,"stock_on_hold":0,"sold_today":0,"sales_last_days":0,"reserved_stock":0,"customer_returns":0,"warehouse_damage":0,"lost_in_post":0,"other_logs":0,"out_stock_days":0,"lost_sales":0,"has_location":false,"update_date":"2026-04-25T07:45:57","atum_locations":[],"atum_stock_status":"instock","restock_status":false,"low_stock_amount":0,"sales_update_date":"2026-04-25T07:45:57","calc_backorders":null,"_links":{"self":[{"href":"https:\/\/marianvarga.sk\/shop\/wp-json\/wp\/v2\/product\/2028","targetHints":{"allow":["GET"]}}],"collection":[{"href":"https:\/\/marianvarga.sk\/shop\/wp-json\/wp\/v2\/product"}],"about":[{"href":"https:\/\/marianvarga.sk\/shop\/wp-json\/wp\/v2\/types\/product"}],"wp:featuredmedia":[{"embeddable":true,"href":"https:\/\/marianvarga.sk\/shop\/wp-json\/wp\/v2\/media\/2057"}],"wp:attachment":[{"href":"https:\/\/marianvarga.sk\/shop\/wp-json\/wp\/v2\/media?parent=2028"}],"wp:term":[{"taxonomy":"product_brand","embeddable":true,"href":"https:\/\/marianvarga.sk\/shop\/wp-json\/wp\/v2\/product_brand?post=2028"},{"taxonomy":"product_cat","embeddable":true,"href":"https:\/\/marianvarga.sk\/shop\/wp-json\/wp\/v2\/product_cat?post=2028"},{"taxonomy":"product_tag","embeddable":true,"href":"https:\/\/marianvarga.sk\/shop\/wp-json\/wp\/v2\/product_tag?post=2028"}],"curies":[{"name":"wp","href":"https:\/\/api.w.org\/{rel}","templated":true}]}}