
{"id":1899,"date":"2020-12-08T21:42:11","date_gmt":"2020-12-08T20:42:11","guid":{"rendered":"http:\/\/smv.maweb.eu\/?post_type=product&#038;p=1899"},"modified":"2026-04-25T11:11:17","modified_gmt":"2026-04-25T09:11:17","slug":"o-chlapcovi-ktory-krotil-certov-a-nasiel-krasu-kniha","status":"publish","type":"product","link":"https:\/\/marianvarga.sk\/shop\/product\/o-chlapcovi-ktory-krotil-certov-a-nasiel-krasu-kniha\/","title":{"rendered":"O chlapcovi, ktor\u00fd krotil \u010dertov a na\u0161iel kr\u00e1su \u2022 Kniha + audio"},"content":{"rendered":"<h1><i><span style=\"font-weight: 400;\">Z detskej tvorby Mari\u00e1na Vargu<\/span><\/i><\/h1>\n<p><span style=\"font-weight: 400;\">Tvorba Mari\u00e1na Vargu priniesla ne\u010dakan\u00e9 poklady aj po jeho odchode &#8211;\u00a0 novoobjaven\u00e9 klav\u00edrne skladby z jeho ran\u00e9ho obdobia, ke\u010f bol \u017eiakom \u013d\u0160U a z\u00e1rove\u0148 nav\u0161tevoval hodiny kompoz\u00edcie u profesora J\u00e1na Cikkera sa teraz dost\u00e1vaj\u00fa do r\u00fak mlad\u00fdm umelcom, pedag\u00f3gom i v\u0161etk\u00fdm milovn\u00edkom hudby a najm\u00e4 klav\u00edrnej tvorby. Ve\u013ekorozmern\u00e1 plnofarebn\u00e1 publik\u00e1cia obsahuje 20 skvostn\u00fdch skladbi\u010diek v notovom z\u00e1pise, je obohaten\u00e1 o pr\u00edbehy a spomienky Mari\u00e1nov\u00fdch priate\u013eov a origin\u00e1lne ilustr\u00e1cie. Jej s\u00fa\u010das\u0165ou je k\u00f3d na stiahnutie nahr\u00e1vky skladieb v interpret\u00e1cii popredn\u00e9ho klaviristu Ivana \u0160illera.<\/span><\/p>\n<p><span style=\"font-weight: 400;\">Zostavila: Jana Vargov\u00e1<\/span><\/p>\n<p><span style=\"font-weight: 400;\">Prepis n\u00f4t z rukopisn\u00fdch z\u00e1znamov: Marek Spusta<\/span><\/p>\n<p><span style=\"font-weight: 400;\">Editori: Jakub Kudl\u00e1\u010d, Marek Spusta<\/span><\/p>\n<p><span style=\"font-weight: 400;\">Korekt\u00fary n\u00f4t:\u00a0 Jozef Lupt\u00e1k a Boris Lenko<\/span><\/p>\n<p><span style=\"font-weight: 400;\">Autori textov: Dana Belicov\u00e1-Chovanov\u00e1, Vladim\u00edr Bokes, Tom\u00e1\u0161 Berka, Mari\u00e1n Varga, Daniel Hevier a Mari\u00e1n Jaslovsk\u00fd<\/span><\/p>\n<p><span style=\"font-weight: 400;\">Jazykov\u00e1 redaktorka: Darina P\u00e1len\u00edkov\u00e1<\/span><\/p>\n<p><span style=\"font-weight: 400;\">Zodpovedn\u00fd redaktor: Jozef Lupt\u00e1k<\/span><\/p>\n<p><span style=\"font-weight: 400;\">Ilustr\u00e1cie a grafick\u00e9 spracovanie: Han Illustration<\/span><\/p>\n<p><span style=\"font-weight: 400;\">Nahral: Ivan \u0160iller v showroome My Piano<\/span><\/p>\n<p><span style=\"font-weight: 400;\">Zvukov\u00e1 r\u00e9\u017eia a mastering: Robert Pospi\u0161 a Martin Sillay, Real Music House<\/span><\/p>\n<p><span style=\"font-weight: 400;\">Hudobn\u00e1 r\u00e9\u017eia: Jozef Lupt\u00e1k<\/span><\/p>\n<p><span style=\"font-weight: 400;\">Mana\u017e\u00e9rka projektu: Lea Majer\u010d\u00e1kov\u00e1<\/span><\/p>\n<p><b>Vydavate\u013e: Spolo\u010dnos\u0165 Mari\u00e1na Vargu<br \/>\n<\/b><b>ISMN 979-0-9010030-0-2<br \/>\n<\/b><b>EAN 9790901003002<\/b><\/p>\n","protected":false},"excerpt":{"rendered":"<p>Chcem Mari\u00e1nove detsk\u00e9 skladby hra\u0165 aj po\u010du\u0165 : <a href=\"https:\/\/marianvarga.sk\/detska-tvorba\/\">viazan\u00e1 plnofarebn\u00e1 70-stranov\u00e1 publik\u00e1cia<\/a> rozmeru 24&#215;31 cm, obsahuje aj k\u00f3d na stiahnutie audio nahr\u00e1vky skladieb<\/p>\n","protected":false},"featured_media":2047,"template":"","meta":[],"product_brand":[],"product_cat":[49],"product_tag":[],"class_list":{"0":"post-1899","1":"product","2":"type-product","3":"status-publish","4":"has-post-thumbnail","6":"product_cat-kniha","7":"product_shipping_class-male","9":"first","10":"instock","11":"shipping-taxable","12":"purchasable","13":"product-type-simple"},"supplier_id":null,"supplier_sku":"","barcode":null,"atum_controlled":true,"out_stock_date":null,"out_stock_threshold":0,"inheritable":false,"inbound_stock":0,"stock_on_hold":1,"sold_today":0,"sales_last_days":1,"reserved_stock":0,"customer_returns":0,"warehouse_damage":0,"lost_in_post":0,"other_logs":0,"out_stock_days":0,"lost_sales":0,"has_location":false,"update_date":"2026-04-25T09:11:17","atum_locations":[],"atum_stock_status":"instock","restock_status":false,"low_stock_amount":0,"sales_update_date":"2026-04-25T09:11:17","calc_backorders":null,"_links":{"self":[{"href":"https:\/\/marianvarga.sk\/shop\/wp-json\/wp\/v2\/product\/1899","targetHints":{"allow":["GET"]}}],"collection":[{"href":"https:\/\/marianvarga.sk\/shop\/wp-json\/wp\/v2\/product"}],"about":[{"href":"https:\/\/marianvarga.sk\/shop\/wp-json\/wp\/v2\/types\/product"}],"wp:featuredmedia":[{"embeddable":true,"href":"https:\/\/marianvarga.sk\/shop\/wp-json\/wp\/v2\/media\/2047"}],"wp:attachment":[{"href":"https:\/\/marianvarga.sk\/shop\/wp-json\/wp\/v2\/media?parent=1899"}],"wp:term":[{"taxonomy":"product_brand","embeddable":true,"href":"https:\/\/marianvarga.sk\/shop\/wp-json\/wp\/v2\/product_brand?post=1899"},{"taxonomy":"product_cat","embeddable":true,"href":"https:\/\/marianvarga.sk\/shop\/wp-json\/wp\/v2\/product_cat?post=1899"},{"taxonomy":"product_tag","embeddable":true,"href":"https:\/\/marianvarga.sk\/shop\/wp-json\/wp\/v2\/product_tag?post=1899"}],"curies":[{"name":"wp","href":"https:\/\/api.w.org\/{rel}","templated":true}]}}