
{"id":2,"date":"2019-07-29T12:25:11","date_gmt":"2019-07-29T10:25:11","guid":{"rendered":"http:\/\/smv.maweb.eu\/?page_id=2"},"modified":"2019-11-19T08:19:18","modified_gmt":"2019-11-19T07:19:18","slug":"uvod","status":"publish","type":"page","link":"https:\/\/marianvarga.sk\/shop\/","title":{"rendered":"\u00davod"},"content":{"rendered":"<p>Tento e-shop bol vytvoren\u00fd pri pr\u00edle\u017eitosti vydania limitovanej s\u00fabornej kolekcie MARI\u00c1N VARGA COLLECTED WORKS I. N\u00e1jdete v \u0148om produkty, ktor\u00e9 vznikli v priamej s\u00favislosti s kolekciou a taktie\u017e CD, ktor\u00e9 boli vydan\u00e9 po roku 2017.<\/p>\n<p>Va\u0161\u00edm n\u00e1kupom prispievate z\u00e1rove\u0148 na \u010dinnos\u0165 Spolo\u010dnosti Mari\u00e1na Vargu a jej \u010fal\u0161ie pl\u00e1novan\u00e9 aktivity, vydavate\u013esk\u00fa \u010dinnos\u0165 i koncertn\u00e9 projekty.<\/p>\n<p>Ak m\u00e1te z\u00e1ujem o v\u00e4\u010d\u0161\u00ed po\u010det kolekci\u00ed alebo n\u00e1s chcete podpori\u0165 ako partner, kontaktujte n\u00e1s na <a href=\"mailto:spolocnost.mariana.vargu@gmail.com\">spolocnost.mariana.vargu@gmail.com<\/a><\/p>\n\n\n<p><\/p>\n","protected":false},"excerpt":{"rendered":"<p>Tento e-shop bol vytvoren\u00fd pri pr\u00edle\u017eitosti vydania limitovanej s\u00fabornej kolekcie MARI\u00c1N VARGA COLLECTED WORKS I. N\u00e1jdete v \u0148om produkty, ktor\u00e9 vznikli v priamej s\u00favislosti s kolekciou a taktie\u017e CD, ktor\u00e9 boli vydan\u00e9 po roku 2017. Va\u0161\u00edm n\u00e1kupom prispievate z\u00e1rove\u0148 na \u010dinnos\u0165 Spolo\u010dnosti Mari\u00e1na Vargu a jej \u010fal\u0161ie pl\u00e1novan\u00e9 aktivity, vydavate\u013esk\u00fa \u010dinnos\u0165 i koncertn\u00e9 projekty. Ak &hellip; <\/p>\n<p class=\"link-more\"><a href=\"https:\/\/marianvarga.sk\/shop\/\" class=\"more-link\">Pokra\u010dova\u0165 v \u010d\u00edtan\u00ed<span class=\"screen-reader-text\"> &#8222;\u00davod&#8220;<\/span><\/a><\/p>\n","protected":false},"author":1,"featured_media":0,"parent":0,"menu_order":0,"comment_status":"closed","ping_status":"closed","template":"","meta":{"footnotes":""},"class_list":["post-2","page","type-page","status-publish","hentry"],"_links":{"self":[{"href":"https:\/\/marianvarga.sk\/shop\/wp-json\/wp\/v2\/pages\/2","targetHints":{"allow":["GET"]}}],"collection":[{"href":"https:\/\/marianvarga.sk\/shop\/wp-json\/wp\/v2\/pages"}],"about":[{"href":"https:\/\/marianvarga.sk\/shop\/wp-json\/wp\/v2\/types\/page"}],"author":[{"embeddable":true,"href":"https:\/\/marianvarga.sk\/shop\/wp-json\/wp\/v2\/users\/1"}],"replies":[{"embeddable":true,"href":"https:\/\/marianvarga.sk\/shop\/wp-json\/wp\/v2\/comments?post=2"}],"version-history":[{"count":4,"href":"https:\/\/marianvarga.sk\/shop\/wp-json\/wp\/v2\/pages\/2\/revisions"}],"predecessor-version":[{"id":354,"href":"https:\/\/marianvarga.sk\/shop\/wp-json\/wp\/v2\/pages\/2\/revisions\/354"}],"wp:attachment":[{"href":"https:\/\/marianvarga.sk\/shop\/wp-json\/wp\/v2\/media?parent=2"}],"curies":[{"name":"wp","href":"https:\/\/api.w.org\/{rel}","templated":true}]}}